{"id":6,"date":"2023-05-28T01:15:09","date_gmt":"2023-05-28T01:15:09","guid":{"rendered":"https:\/\/fetish.cl\/contenido\/?page_id=6"},"modified":"2023-05-28T18:58:48","modified_gmt":"2023-05-28T18:58:48","slug":"inicio","status":"publish","type":"page","link":"https:\/\/fetish.cl\/","title":{"rendered":"Inicio"},"content":{"rendered":"\n<div class=\"wp-block-columns alignfull has-text-color has-background is-layout-flex wp-container-core-columns-is-layout-28f84493 wp-block-columns-is-layout-flex\" style=\"color:#000000;background-color:#ffffff\">\n<div class=\"wp-block-column is-layout-flow wp-block-column-is-layout-flow\">\n<h3 class=\"wp-block-heading has-text-align-center\" style=\"font-size:24px;line-height:1.3\"><strong>Marca Registrada <\/strong><\/h3>\n\n\n\n<p class=\"has-text-align-center\">Clase 10:(C) Condones y preservativos. Aparatos, instrumentos y dispositivos de masajes, incluidos el\u00e9ctricos y electr\u00f3nicos, para uso personal. Masajeadores personales, vibradores. Juguetes y mu\u00f1ecas sexuales.<\/p>\n<\/div>\n\n\n\n<div class=\"wp-block-column is-layout-flow wp-block-column-is-layout-flow\">\n<h3 class=\"wp-block-heading has-text-align-center\" style=\"font-size:24px;line-height:1.3\"><strong>Dominio .cl <\/strong><\/h3>\n\n\n\n<p class=\"has-text-align-center\">www.fetish.cl<br><br><strong>e-commerce<\/strong><br>sexshop &amp; magazine<br>desde 2009<\/p>\n<\/div>\n\n\n\n<div class=\"wp-block-column is-layout-flow wp-block-column-is-layout-flow\">\n<h3 class=\"wp-block-heading has-text-align-center\" style=\"font-size:24px;line-height:1.3\"><strong>Cartera clientes<\/strong><\/h3>\n\n\n\n<p class=\"has-text-align-center\">Miles de clientes satisfechos<\/p>\n<\/div>\n\n\n\n<div class=\"wp-block-column is-layout-flow wp-block-column-is-layout-flow\">\n<h3 class=\"wp-block-heading has-text-align-center\" style=\"font-size:24px;line-height:1.3\"><strong>Redes sociales<\/strong><\/h3>\n\n\n\n<p class=\"has-text-align-center\">Instagram <br>Facebook<br>Twitter &#8211; Monetizaci\u00f3n<\/p>\n<\/div>\n<\/div>\n","protected":false},"excerpt":{"rendered":"<p>Marca Registrada Clase 10:(C) Condones y preservativos. Aparatos, instrumentos y dispositivos de masajes, incluidos el\u00e9ctricos y electr\u00f3nicos, para uso personal. Masajeadores personales, vibradores. Juguetes y mu\u00f1ecas sexuales. Dominio .cl www.fetish.cl e-commercesexshop &amp; magazinedesde 2009 Cartera clientes Miles de clientes satisfechos Redes sociales Instagram FacebookTwitter &#8211; Monetizaci\u00f3n<\/p>\n","protected":false},"author":1,"featured_media":0,"parent":0,"menu_order":0,"comment_status":"closed","ping_status":"closed","template":"","meta":{"footnotes":""},"class_list":["post-6","page","type-page","status-publish","hentry"],"_links":{"self":[{"href":"https:\/\/fetish.cl\/index.php\/wp-json\/wp\/v2\/pages\/6","targetHints":{"allow":["GET"]}}],"collection":[{"href":"https:\/\/fetish.cl\/index.php\/wp-json\/wp\/v2\/pages"}],"about":[{"href":"https:\/\/fetish.cl\/index.php\/wp-json\/wp\/v2\/types\/page"}],"author":[{"embeddable":true,"href":"https:\/\/fetish.cl\/index.php\/wp-json\/wp\/v2\/users\/1"}],"replies":[{"embeddable":true,"href":"https:\/\/fetish.cl\/index.php\/wp-json\/wp\/v2\/comments?post=6"}],"version-history":[{"count":7,"href":"https:\/\/fetish.cl\/index.php\/wp-json\/wp\/v2\/pages\/6\/revisions"}],"predecessor-version":[{"id":61,"href":"https:\/\/fetish.cl\/index.php\/wp-json\/wp\/v2\/pages\/6\/revisions\/61"}],"wp:attachment":[{"href":"https:\/\/fetish.cl\/index.php\/wp-json\/wp\/v2\/media?parent=6"}],"curies":[{"name":"wp","href":"https:\/\/api.w.org\/{rel}","templated":true}]}}